{"id":2587,"date":"2022-03-26T18:24:55","date_gmt":"2022-03-26T18:24:55","guid":{"rendered":"https:\/\/silica1.com\/lasmariasresort\/?page_id=2587"},"modified":"2022-03-26T22:56:05","modified_gmt":"2022-03-26T22:56:05","slug":"galeria-2","status":"publish","type":"page","link":"https:\/\/silica1.com\/lasmariasresort\/galeria-2\/","title":{"rendered":"Galer\u00eda"},"content":{"rendered":"\t\t<div data-elementor-type=\"wp-page\" data-elementor-id=\"2587\" class=\"elementor elementor-2587\">\n\t\t\t\t\t\t<section class=\"elementor-section elementor-top-section elementor-element elementor-element-9065fd9 elementor-section-boxed elementor-section-height-default elementor-section-height-default\" data-id=\"9065fd9\" data-element_type=\"section\">\n\t\t\t\t\t\t\t<div class=\"elementor-background-overlay\"><\/div>\n\t\t\t\t\t\t\t<div class=\"elementor-container elementor-column-gap-default\">\n\t\t\t\t\t<div class=\"elementor-column elementor-col-100 elementor-top-column elementor-element elementor-element-19825b3\" data-id=\"19825b3\" data-element_type=\"column\">\n\t\t\t<div class=\"elementor-widget-wrap elementor-element-populated\">\n\t\t\t\t\t\t<div class=\"elementor-element elementor-element-7f80f9e elementor--h-position-center elementor--v-position-middle elementor-arrows-position-inside elementor-pagination-position-inside elementor-widget elementor-widget-slides\" data-id=\"7f80f9e\" data-element_type=\"widget\" data-settings=\"{&quot;navigation&quot;:&quot;both&quot;,&quot;autoplay&quot;:&quot;yes&quot;,&quot;pause_on_hover&quot;:&quot;yes&quot;,&quot;pause_on_interaction&quot;:&quot;yes&quot;,&quot;autoplay_speed&quot;:5000,&quot;infinite&quot;:&quot;yes&quot;,&quot;transition&quot;:&quot;slide&quot;,&quot;transition_speed&quot;:500}\" data-widget_type=\"slides.default\">\n\t\t\t\t<div class=\"elementor-widget-container\">\n\t\t\t\t\t\t\t<div class=\"elementor-swiper\">\n\t\t\t<div class=\"elementor-slides-wrapper elementor-main-swiper swiper-container\" dir=\"ltr\" data-animation=\"fadeInUp\">\n\t\t\t\t<div class=\"swiper-wrapper elementor-slides\">\n\t\t\t\t\t<div class=\"elementor-repeater-item-0cc036d swiper-slide\"><div class=\"swiper-slide-bg elementor-ken-burns elementor-ken-burns--in\"><\/div><div class=\"swiper-slide-inner\" ><div class=\"swiper-slide-contents\"><div class=\"elementor-slide-heading\">La sensaci\u00f3n de bienestar en las Mar\u00edas<\/div><div class=\"elementor-slide-description\">Un lugar de energ\u00eda muy especial<\/div><a href=\"https:\/\/wa.me\/+526142124650\" class=\"elementor-button elementor-slide-button elementor-size-sm\" target=\"_blank\" rel=\"noopener\">Cont\u00e1ctanos<\/a><\/div><\/div><\/div><div class=\"elementor-repeater-item-4516aa6 swiper-slide\"><div class=\"swiper-slide-bg\"><\/div><div class=\"swiper-slide-inner\" ><div class=\"swiper-slide-contents\"><div class=\"elementor-slide-heading\">Edificio principal en construcci\u00f3n<\/div><div class=\"elementor-slide-description\">Disfrutar\u00e1s con tu familia de las mejores instalaciones.<\/div><a href=\"https:\/\/wa.me\/+526142124650\" class=\"elementor-button elementor-slide-button elementor-size-sm\" target=\"_blank\" rel=\"noopener\">Cont\u00e1ctanos<\/a><\/div><\/div><\/div><div class=\"elementor-repeater-item-5e27062 swiper-slide\"><div class=\"swiper-slide-bg\"><\/div><div class=\"swiper-slide-inner\" ><div class=\"swiper-slide-contents\"><div class=\"elementor-slide-heading\">Restaurant principal en construcci\u00f3n.<\/div><div class=\"elementor-slide-description\">Disfrutar\u00e1s los mejores platillos de nuestro chef, en la mejor atm\u00f3sfera.<\/div><a href=\"https:\/\/wa.me\/+526142124650\" class=\"elementor-button elementor-slide-button elementor-size-sm\" target=\"_blank\" rel=\"noopener\">Cont\u00e1ctanos<\/a><\/div><\/div><\/div><div class=\"elementor-repeater-item-80aef55 swiper-slide\"><div class=\"swiper-slide-bg\"><\/div><div class=\"swiper-slide-inner\" ><div class=\"swiper-slide-contents\"><div class=\"elementor-slide-heading\">Un paraiso a tu alcance<\/div><div class=\"elementor-slide-description\">Tu terreno te da acceso a todas nuestras instalaciones<\/div><a href=\"http:\/\/https\/\/wa.me\/+526142124650\" class=\"elementor-button elementor-slide-button elementor-size-sm\">Cont\u00e1ctanos<\/a><\/div><\/div><\/div><div class=\"elementor-repeater-item-84fdb0c swiper-slide\"><div class=\"swiper-slide-bg\"><\/div><div class=\"swiper-slide-inner\" ><div class=\"swiper-slide-contents\"><div class=\"elementor-slide-heading\">Tus hijos ser\u00e1n felices en Las Mar\u00edas<\/div><div class=\"elementor-slide-description\">Un bello lugar para disfrutar en familia<\/div><a href=\"https:\/\/wa.me\/+526142124650\" class=\"elementor-button elementor-slide-button elementor-size-sm\" target=\"_blank\" rel=\"noopener\">Cont\u00e1ctanos<\/a><\/div><\/div><\/div><div class=\"elementor-repeater-item-91f6931 swiper-slide\"><div class=\"swiper-slide-bg\"><\/div><a class=\"swiper-slide-inner\" href=\"https:\/\/wa.me\/+526142124650\" target=\"_blank\" rel=\"noopener\"><div class=\"swiper-slide-contents\"><div class=\"elementor-slide-heading\">Disfruta actividades acu\u00e1ticas y pesca en el rio Conchos, en las Mar\u00edas.<\/div><div class=\"elementor-slide-description\">Un paraiso para los pescadores.<\/div><div  class=\"elementor-button elementor-slide-button elementor-size-sm\">Cont\u00e1ctanos<\/div><\/div><\/a><\/div><div class=\"elementor-repeater-item-90ff748 swiper-slide\"><div class=\"swiper-slide-bg\"><\/div><a class=\"swiper-slide-inner\" href=\"https:\/\/wa.me\/+526142124650\" target=\"_blank\" rel=\"noopener\"><div class=\"swiper-slide-contents\"><div class=\"elementor-slide-heading\">Disfruta de nuestro sal\u00f3n de eventos<\/div><div class=\"elementor-slide-description\">A precios especiales para nuestros clientes<\/div><div  class=\"elementor-button elementor-slide-button elementor-size-sm\">Cont\u00e1ctanos<\/div><\/div><\/a><\/div><div class=\"elementor-repeater-item-b9ff013 swiper-slide\"><div class=\"swiper-slide-bg\"><\/div><div class=\"swiper-slide-inner\" ><div class=\"swiper-slide-contents\"><div class=\"elementor-slide-heading\">Enc\u00e1ntate en nuestros hermosos jardines, de dia o de noche.<\/div><div class=\"elementor-slide-description\">Te invitamos  a pasar una noche en las Mar\u00edas. Te enamorar\u00e1s.<\/div><a href=\"https:\/\/wa.me\/+526142124650\" class=\"elementor-button elementor-slide-button elementor-size-sm\" target=\"_blank\" rel=\"noopener\">Cont\u00e1ctanos<\/a><\/div><\/div><\/div><div class=\"elementor-repeater-item-c2e0623 swiper-slide\"><div class=\"swiper-slide-bg elementor-ken-burns elementor-ken-burns--in\"><\/div><div class=\"swiper-slide-inner\" ><div class=\"swiper-slide-contents\"><div class=\"elementor-slide-heading\">Es un placer recorrer nuestros jardines<\/div><div class=\"elementor-slide-description\">Solo ven a las Mar\u00edas. \u00a1Te enamorar\u00e1s!<\/div><a href=\"https:\/\/wa.me\/+526142124650\" class=\"elementor-button elementor-slide-button elementor-size-sm\" target=\"_blank\" rel=\"noopener\">Cont\u00e1ctanos<\/a><\/div><\/div><\/div><div class=\"elementor-repeater-item-002e466 swiper-slide\"><div class=\"swiper-slide-bg\"><\/div><div class=\"swiper-slide-inner\" ><div class=\"swiper-slide-contents\"><div class=\"elementor-slide-heading\">Disfruta de nuestros paisajes.<\/div><div class=\"elementor-slide-description\">Con la tranquilidad y la belleza del campo.<\/div><a href=\"https:\/\/wa.me\/+526142124650\" class=\"elementor-button elementor-slide-button elementor-size-sm\" target=\"_blank\" rel=\"noopener\">Cont\u00e1ctanos<\/a><\/div><\/div><\/div><div class=\"elementor-repeater-item-bcf99bd swiper-slide\"><div class=\"swiper-slide-bg\"><\/div><a class=\"swiper-slide-inner\" href=\"https:\/\/wa.me\/+526142124650\" target=\"_blank\" rel=\"noopener\"><div class=\"swiper-slide-contents\"><div class=\"elementor-slide-heading\">Siente la paz espiritual<\/div><div class=\"elementor-slide-description\">En nuestra bella Iglesia.<\/div><div  class=\"elementor-button elementor-slide-button elementor-size-sm\">Cont\u00e1ctanos<\/div><\/div><\/a><\/div><div class=\"elementor-repeater-item-276a9ef swiper-slide\"><div class=\"swiper-slide-bg\"><\/div><a class=\"swiper-slide-inner\" href=\"https:\/\/wa.me\/+526142124650\" target=\"_blank\" rel=\"noopener\"><div class=\"swiper-slide-contents\"><div class=\"elementor-slide-heading\">Ven a las Mar\u00edas<\/div><div class=\"elementor-slide-description\">\u00a1Te quedar\u00e1s con nosotros!<\/div><div  class=\"elementor-button elementor-slide-button elementor-size-sm\">Cont\u00e1ctanos<\/div><\/div><\/a><\/div><div class=\"elementor-repeater-item-f063ef0 swiper-slide\"><div class=\"swiper-slide-bg\"><\/div><a class=\"swiper-slide-inner\" href=\"https:\/\/wa.me\/+526142124650\" target=\"_blank\" rel=\"noopener\"><div class=\"swiper-slide-contents\"><div class=\"elementor-slide-heading\">Disfruta nuestro Kiosco del lago.<\/div><div class=\"elementor-slide-description\">Un lugar de encanto especial.<\/div><div  class=\"elementor-button elementor-slide-button elementor-size-sm\">Cont\u00e1ctanos<\/div><\/div><\/a><\/div><div class=\"elementor-repeater-item-73623b4 swiper-slide\"><div class=\"swiper-slide-bg elementor-ken-burns elementor-ken-burns--in\"><\/div><div class=\"swiper-slide-inner\" ><div class=\"swiper-slide-contents\"><div class=\"elementor-slide-heading\">Nuestro Cristo en las Mar\u00edas<\/div><div class=\"elementor-slide-description\">Uno de los m\u00e1s bellos de M\u00e9xico, tallado en madera <\/div><a href=\"https:\/\/wa.me\/+526142124650\" class=\"elementor-button elementor-slide-button elementor-size-sm\" target=\"_blank\" rel=\"noopener\">Cont\u00e1ctanos<\/a><\/div><\/div><\/div><div class=\"elementor-repeater-item-b44e553 swiper-slide\"><div class=\"swiper-slide-bg\"><\/div><div class=\"swiper-slide-inner\" ><div class=\"swiper-slide-contents\"><div class=\"elementor-slide-heading\">Iglesia de las Mar\u00edas<\/div><div class=\"elementor-slide-description\">Ubicada en la cima de un cerro,  con vistas espectaculares. <\/div><a href=\"https:\/\/wa.me\/+526142124650\" class=\"elementor-button elementor-slide-button elementor-size-sm\" target=\"_blank\" rel=\"noopener\">Cont\u00e1ctanos<\/a><\/div><\/div><\/div><div class=\"elementor-repeater-item-d294aa1 swiper-slide\"><div class=\"swiper-slide-bg\"><\/div><div class=\"swiper-slide-inner\" ><div class=\"swiper-slide-contents\"><div class=\"elementor-slide-heading\">Iglesia de las Mar\u00edas. Nuestra V\u00edrgen de Montserrat. <\/div><div class=\"elementor-slide-description\">Una bell\u00edsima talla en madera<\/div><a href=\"https:\/\/wa.me\/+526142124650\" class=\"elementor-button elementor-slide-button elementor-size-sm\" target=\"_blank\" rel=\"noopener\">Cont\u00e1ctanos<\/a><\/div><\/div><\/div><div class=\"elementor-repeater-item-6aa5db8 swiper-slide\"><div class=\"swiper-slide-bg elementor-ken-burns elementor-ken-burns--in\"><\/div><div class=\"swiper-slide-inner\" ><div class=\"swiper-slide-contents\"><div class=\"elementor-slide-heading\"> Iglesia de las Mar\u00edas. Virgen del Perpetuo Socorro.<\/div><div class=\"elementor-slide-description\">Otra bell\u00edsima Obra de Arte, en las Mar\u00edas.<\/div><a href=\"https:\/\/wa.me\/+526142124650\" class=\"elementor-button elementor-slide-button elementor-size-sm\" target=\"_blank\" rel=\"noopener\">Cont\u00e1ctanos<\/a><\/div><\/div><\/div><div class=\"elementor-repeater-item-fc511f9 swiper-slide\"><div class=\"swiper-slide-bg\"><\/div><div class=\"swiper-slide-inner\" ><div class=\"swiper-slide-contents\"><div class=\"elementor-slide-heading\">Las noches en las Mar\u00edas<\/div><div class=\"elementor-slide-description\">Son de una belleza indescriptible<\/div><a href=\"https:\/\/wa.me\/+526142124650\" class=\"elementor-button elementor-slide-button elementor-size-sm\" target=\"_blank\" rel=\"noopener\">Cont\u00e1ctanos<\/a><\/div><\/div><\/div><div class=\"elementor-repeater-item-0c1c0fe swiper-slide\"><div class=\"swiper-slide-bg\"><\/div><div class=\"swiper-slide-inner\" ><div class=\"swiper-slide-contents\"><div class=\"elementor-slide-heading\">Puerta de la Iglesia, tallada en madera.<\/div><div class=\"elementor-slide-description\">Una verdadera obra de arte<\/div><a href=\"https:\/\/wa.me\/+526142124650\" class=\"elementor-button elementor-slide-button elementor-size-sm\" target=\"_blank\" rel=\"noopener\">Cont\u00e1ctanos<\/a><\/div><\/div><\/div><div class=\"elementor-repeater-item-c7a7913 swiper-slide\"><div class=\"swiper-slide-bg\"><\/div><div class=\"swiper-slide-inner\" ><div class=\"swiper-slide-contents\"><div class=\"elementor-slide-heading\">Alberca de las Mar\u00edas, ba\u00f1ada por una cascada.<\/div><div class=\"elementor-slide-description\">Ser\u00e1s feliz en las Mar\u00edas.<\/div><a href=\"https:\/\/wa.me\/+526142124650\" class=\"elementor-button elementor-slide-button elementor-size-sm\" target=\"_blank\" rel=\"noopener\">Cont\u00e1ctanos<\/a><\/div><\/div><\/div><div class=\"elementor-repeater-item-1803bb3 swiper-slide\"><div class=\"swiper-slide-bg\"><\/div><div class=\"swiper-slide-inner\" ><div class=\"swiper-slide-contents\"><div class=\"elementor-slide-heading\">Actividades acu\u00e1ticas<\/div><div class=\"elementor-slide-description\">\u00a1Ser\u00e1s feliz en las Mar\u00edas!<\/div><a href=\"https:\/\/wa.me\/+526142124650\" class=\"elementor-button elementor-slide-button elementor-size-sm\" target=\"_blank\" rel=\"noopener\">Cont\u00e1ctanos<\/a><\/div><\/div><\/div><div class=\"elementor-repeater-item-9f33ec9 swiper-slide\"><div class=\"swiper-slide-bg\"><\/div><div class=\"swiper-slide-inner\" ><div class=\"swiper-slide-contents\"><div class=\"elementor-slide-heading\">\u00a1Te enamorar\u00e1s de las Mar\u00edas!<\/div><div class=\"elementor-slide-description\">Pasa con nosotros una noche inolvidable.<\/div><a href=\"https:\/\/wa.me\/+526142124650\" class=\"elementor-button elementor-slide-button elementor-size-sm\" target=\"_blank\" rel=\"noopener\">Cont\u00e1ctanos<\/a><\/div><\/div><\/div><div class=\"elementor-repeater-item-64b72b6 swiper-slide\"><div class=\"swiper-slide-bg\"><\/div><div class=\"swiper-slide-inner\" ><div class=\"swiper-slide-contents\"><div class=\"elementor-slide-heading\">Un lugar paradisiaco<\/div><div class=\"elementor-slide-description\">Que tu familia disfrutar\u00e1 por muchos a\u00f1os<\/div><a href=\"https:\/\/wa.me\/+526142124650\" class=\"elementor-button elementor-slide-button elementor-size-sm\" target=\"_blank\" rel=\"noopener\">Cont\u00e1ctanos<\/a><\/div><\/div><\/div><div class=\"elementor-repeater-item-5fc65cb swiper-slide\"><div class=\"swiper-slide-bg\"><\/div><div class=\"swiper-slide-inner\" ><div class=\"swiper-slide-contents\"><div class=\"elementor-slide-heading\">Embel\u00e9zate con los m\u00e1s bellos paisajes. <\/div><div class=\"elementor-slide-description\">Y disfruta m\u00faltiples actividades.<\/div><a href=\"https:\/\/wa.me\/+526142124650\" class=\"elementor-button elementor-slide-button elementor-size-sm\" target=\"_blank\" rel=\"noopener\">Cont\u00e1ctanos<\/a><\/div><\/div><\/div><div class=\"elementor-repeater-item-2bd4409 swiper-slide\"><div class=\"swiper-slide-bg\"><\/div><div class=\"swiper-slide-inner\" ><div class=\"swiper-slide-contents\"><div class=\"elementor-slide-heading\">\u00bfComo no ser fel\u00edz en las Mar\u00edas?<\/div><div class=\"elementor-slide-description\">Brinda a tu familia felicidad, incrementa tu patrimonio y haz un excelente negocio. <\/div><a href=\"https:--wa.me\/+526142124650\" class=\"elementor-button elementor-slide-button elementor-size-sm\">Cont\u00e1ctanos<\/a><\/div><\/div><\/div><div class=\"elementor-repeater-item-44eb4a3 swiper-slide\"><div class=\"swiper-slide-bg\"><\/div><div class=\"swiper-slide-inner\" ><div class=\"swiper-slide-contents\"><div class=\"elementor-slide-heading\">Seguridad, tranquilidad y belleza. <\/div><div class=\"elementor-slide-description\">Ven a disfrutar las Mar\u00edas y \u00a1Quedate con nosotros!<\/div><a href=\"https:\/\/wa.me\/+526142124650\" class=\"elementor-button elementor-slide-button elementor-size-sm\" target=\"_blank\" rel=\"noopener\">Cont\u00e1ctanos<\/a><\/div><\/div><\/div><div class=\"elementor-repeater-item-7786767 swiper-slide\"><div class=\"swiper-slide-bg\"><\/div><div class=\"swiper-slide-inner\" ><div class=\"swiper-slide-contents\"><div class=\"elementor-slide-heading\">\u00a1Un verdadero paraiso terrenal!<\/div><div class=\"elementor-slide-description\">Enam\u00f3rate de las Mar\u00edas<\/div><a href=\"https:\/\/wa.me\/+526142124650\" class=\"elementor-button elementor-slide-button elementor-size-sm\" target=\"_blank\" rel=\"noopener\">Cont\u00e1ctanos<\/a><\/div><\/div><\/div><div class=\"elementor-repeater-item-68eb13e swiper-slide\"><div class=\"swiper-slide-bg\"><\/div><div class=\"swiper-slide-inner\" ><div class=\"swiper-slide-contents\"><div class=\"elementor-slide-heading\">Hospeda a tus invitados en nuestras c\u00f3modas habitaciones.<\/div><div class=\"elementor-slide-description\">Pasar\u00e1n noches inolvidables.<\/div><a href=\"https:\/\/wa.me\/+526142124650\" class=\"elementor-button elementor-slide-button elementor-size-sm\" target=\"_blank\" rel=\"noopener\">Cont\u00e1ctanos<\/a><\/div><\/div><\/div><div class=\"elementor-repeater-item-a521d12 swiper-slide\"><div class=\"swiper-slide-bg\"><\/div><div class=\"swiper-slide-inner\" ><div class=\"swiper-slide-contents\"><div class=\"elementor-slide-heading\">Goza nuestros paisajes.<\/div><div class=\"elementor-slide-description\">Mientras practicas m\u00faltiples actividades recreativas.<\/div><a href=\"https:\/\/wa.me\/+526142124650\" class=\"elementor-button elementor-slide-button elementor-size-sm\" target=\"_blank\" rel=\"noopener\">Cont\u00e1ctanos<\/a><\/div><\/div><\/div><div class=\"elementor-repeater-item-8102325 swiper-slide\"><div class=\"swiper-slide-bg elementor-ken-burns elementor-ken-burns--in\"><\/div><div class=\"swiper-slide-inner\" ><div class=\"swiper-slide-contents\"><div class=\"elementor-slide-heading\">El ambiente en las Mar\u00edas es extraordinario.<\/div><div class=\"elementor-slide-description\">Disfruta la vida en las Mar\u00edas.<\/div><a href=\"https:\/\/wa.me\/+526142124650\" class=\"elementor-button elementor-slide-button elementor-size-sm\" target=\"_blank\" rel=\"noopener\">Cont\u00e1ctanos<\/a><\/div><\/div><\/div><div class=\"elementor-repeater-item-bb03cc3 swiper-slide\"><div class=\"swiper-slide-bg\"><\/div><div class=\"swiper-slide-inner\" ><div class=\"swiper-slide-contents\"><div class=\"elementor-slide-heading\">\u00a1Vive experiencias inolvidables en las Mar\u00edas!<\/div><div class=\"elementor-slide-description\">\u00danete a nosotros, incrementa tu patrimonio, disfruta la vida y haz negocio.<\/div><a href=\"https:\/\/wa.me\/+526142124650\" class=\"elementor-button elementor-slide-button elementor-size-sm\" target=\"_blank\" rel=\"noopener\">Cont\u00e1ctanos<\/a><\/div><\/div><\/div><div class=\"elementor-repeater-item-e61b1f4 swiper-slide\"><div class=\"swiper-slide-bg\"><\/div><div class=\"swiper-slide-inner\" ><div class=\"swiper-slide-contents\"><div class=\"elementor-slide-heading\">Tus eventos ser\u00e1n inolvidables en nuestro sal\u00f3n.<\/div><div class=\"elementor-slide-description\">Descuentos especiales para nuestros clientes.<\/div><a href=\"https:\/\/wa.me\/+526142124650\" class=\"elementor-button elementor-slide-button elementor-size-sm\" target=\"_blank\" rel=\"noopener\">Cont\u00e1ctanos<\/a><\/div><\/div><\/div><div class=\"elementor-repeater-item-f12571a swiper-slide\"><div class=\"swiper-slide-bg\"><\/div><div class=\"swiper-slide-inner\" ><div class=\"swiper-slide-contents\"><div class=\"elementor-slide-heading\">Las tres V\u00edrgenes de las Mar\u00edas<\/div><div class=\"elementor-slide-description\">La del Perpetuo Socorro, la Virgen de Montserrat y la de Guadalupe.<\/div><a href=\"https:\/\/wa.me\/+526142124650\" class=\"elementor-button elementor-slide-button elementor-size-sm\" target=\"_blank\" rel=\"noopener\">Cont\u00e1ctanos<\/a><\/div><\/div><\/div><div class=\"elementor-repeater-item-00fb073 swiper-slide\"><div class=\"swiper-slide-bg\"><\/div><div class=\"swiper-slide-inner\" ><div class=\"swiper-slide-contents\"><div class=\"elementor-slide-heading\">Habitaciones del hotel Las Mar\u00edas.<\/div><div class=\"elementor-slide-description\">Experimentar\u00e1s una paz y una energ\u00eda extraordinarias.<\/div><a href=\"https:\/\/wa.me\/+526142124650\" class=\"elementor-button elementor-slide-button elementor-size-sm\" target=\"_blank\" rel=\"noopener\">Cont\u00e1ctanos<\/a><\/div><\/div><\/div><div class=\"elementor-repeater-item-1ad7d5e swiper-slide\"><div class=\"swiper-slide-bg\"><\/div><div class=\"swiper-slide-inner\" ><div class=\"swiper-slide-contents\"><\/div><\/div><\/div>\t\t\t\t<\/div>\n\t\t\t\t\t\t\t\t\t\t\t\t\t\t\t<div class=\"swiper-pagination\"><\/div>\n\t\t\t\t\t\t\t\t\t\t\t\t\t\t\t\t<div class=\"elementor-swiper-button elementor-swiper-button-prev\">\n\t\t\t\t\t\t\t<i class=\"eicon-chevron-left\" aria-hidden=\"true\"><\/i>\n\t\t\t\t\t\t\t<span class=\"elementor-screen-only\">Previous<\/span>\n\t\t\t\t\t\t<\/div>\n\t\t\t\t\t\t<div class=\"elementor-swiper-button elementor-swiper-button-next\">\n\t\t\t\t\t\t\t<i class=\"eicon-chevron-right\" aria-hidden=\"true\"><\/i>\n\t\t\t\t\t\t\t<span class=\"elementor-screen-only\">Next<\/span>\n\t\t\t\t\t\t<\/div>\n\t\t\t\t\t\t\t\t\t\t\t\t<\/div>\n\t\t<\/div>\n\t\t\t\t\t\t<\/div>\n\t\t\t\t<\/div>\n\t\t\t\t<div class=\"elementor-element elementor-element-a07ece4 elementor-widget elementor-widget-image\" data-id=\"a07ece4\" data-element_type=\"widget\" data-widget_type=\"image.default\">\n\t\t\t\t<div class=\"elementor-widget-container\">\n\t\t\t\t\t\t\t\t\t\t\t\t\t\t\t\t<a href=\"https:\/\/wa.me\/+526142124650\" target=\"_blank\" rel=\"noopener\">\n\t\t\t\t\t\t\t<img decoding=\"async\" src=\"https:\/\/silica1.com\/lasmariasresort\/wp-content\/uploads\/elementor\/thumbs\/WhatsApp-Icon-e1604684437551-pvqojs5nxbdfytssbc1edxo58w1m35lw35zz5l1o48.png\" title=\"WhatsApp Icon\" alt=\"WhatsApp Icon\" loading=\"lazy\" \/>\t\t\t\t\t\t\t\t<\/a>\n\t\t\t\t\t\t\t\t\t\t\t\t\t\t\t<\/div>\n\t\t\t\t<\/div>\n\t\t\t\t\t<\/div>\n\t\t<\/div>\n\t\t\t\t\t<\/div>\n\t\t<\/section>\n\t\t\t\t<\/div>\n\t\t","protected":false},"excerpt":{"rendered":"<p>La sensaci\u00f3n de bienestar en las Mar\u00edasUn lugar de energ\u00eda muy especialCont\u00e1ctanosEdificio principal en construcci\u00f3nDisfrutar\u00e1s con tu familia de las mejores instalaciones.Cont\u00e1ctanosRestaurant principal en construcci\u00f3n.Disfrutar\u00e1s los mejores platillos de nuestro chef, en la mejor atm\u00f3sfera.Cont\u00e1ctanosUn paraiso a tu alcanceTu terreno te da acceso a todas nuestras instalacionesCont\u00e1ctanosTus hijos ser\u00e1n felices en Las Mar\u00edasUn bello lugar &hellip;<\/p>\n<p class=\"read-more\"> <a class=\"\" href=\"https:\/\/silica1.com\/lasmariasresort\/galeria-2\/\"> <span class=\"screen-reader-text\">Galer\u00eda<\/span> Read More &raquo;<\/a><\/p>\n","protected":false},"author":1,"featured_media":0,"parent":0,"menu_order":0,"comment_status":"closed","ping_status":"closed","template":"","meta":{"footnotes":""},"class_list":["post-2587","page","type-page","status-publish","hentry"],"_links":{"self":[{"href":"https:\/\/silica1.com\/lasmariasresort\/wp-json\/wp\/v2\/pages\/2587","targetHints":{"allow":["GET"]}}],"collection":[{"href":"https:\/\/silica1.com\/lasmariasresort\/wp-json\/wp\/v2\/pages"}],"about":[{"href":"https:\/\/silica1.com\/lasmariasresort\/wp-json\/wp\/v2\/types\/page"}],"author":[{"embeddable":true,"href":"https:\/\/silica1.com\/lasmariasresort\/wp-json\/wp\/v2\/users\/1"}],"replies":[{"embeddable":true,"href":"https:\/\/silica1.com\/lasmariasresort\/wp-json\/wp\/v2\/comments?post=2587"}],"version-history":[{"count":124,"href":"https:\/\/silica1.com\/lasmariasresort\/wp-json\/wp\/v2\/pages\/2587\/revisions"}],"predecessor-version":[{"id":2729,"href":"https:\/\/silica1.com\/lasmariasresort\/wp-json\/wp\/v2\/pages\/2587\/revisions\/2729"}],"wp:attachment":[{"href":"https:\/\/silica1.com\/lasmariasresort\/wp-json\/wp\/v2\/media?parent=2587"}],"curies":[{"name":"wp","href":"https:\/\/api.w.org\/{rel}","templated":true}]}}